{"id":768,"date":"2022-04-19T18:03:02","date_gmt":"2022-04-19T16:03:02","guid":{"rendered":"http:\/\/hepnet.wpnet.upatras.gr\/?page_id=768"},"modified":"2025-03-21T16:42:38","modified_gmt":"2025-03-21T14:42:38","slug":"seminar-on-scientific-reflection-and-analysis","status":"publish","type":"page","link":"https:\/\/hepnet.upatras.gr\/en\/seminar-on-scientific-reflection-and-analysis\/","title":{"rendered":"Seminar on scientific reflection and analysis"},"content":{"rendered":"<p><div class=\"fusion-fullwidth fullwidth-box fusion-builder-row-1 fusion-flex-container nonhundred-percent-fullwidth non-hundred-percent-height-scrolling\" style=\"--awb-border-radius-top-left:0px;--awb-border-radius-top-right:0px;--awb-border-radius-bottom-right:0px;--awb-border-radius-bottom-left:0px;--awb-padding-top:0px;--awb-margin-top:0px;--awb-flex-wrap:wrap;\" ><div class=\"fusion-builder-row fusion-row fusion-flex-align-items-flex-start fusion-flex-content-wrap\" style=\"max-width:1248px;margin-left: calc(-4% \/ 2 );margin-right: calc(-4% \/ 2 );\"><div class=\"fusion-layout-column fusion_builder_column fusion-builder-column-0 fusion_builder_column_1_1 1_1 fusion-flex-column first_h5_in_pages\" style=\"--awb-padding-right:20px;--awb-padding-bottom:10px;--awb-padding-left:20px;--awb-bg-image:linear-gradient(180deg, rgba(244,244,244,0) 6%,#f4f4f4 6%);--awb-bg-size:cover;--awb-width-large:100%;--awb-margin-top-large:0px;--awb-spacing-right-large:1.92%;--awb-margin-bottom-large:20px;--awb-spacing-left-large:1.92%;--awb-width-medium:100%;--awb-order-medium:0;--awb-spacing-right-medium:1.92%;--awb-spacing-left-medium:1.92%;--awb-width-small:100%;--awb-order-small:0;--awb-spacing-right-small:1.92%;--awb-spacing-left-small:1.92%;\"><div class=\"fusion-column-wrapper fusion-column-has-shadow fusion-flex-justify-content-flex-start fusion-content-layout-column\"><div class=\"fusion-builder-row fusion-builder-row-inner fusion-row fusion-flex-align-items-flex-start fusion-flex-content-wrap\" style=\"--awb-flex-grow:0;--awb-flex-grow-medium:0;--awb-flex-grow-small:0;--awb-flex-shrink:0;--awb-flex-shrink-medium:0;--awb-flex-shrink-small:0;width:104% !important;max-width:104% !important;margin-left: calc(-4% \/ 2 );margin-right: calc(-4% \/ 2 );\"><div class=\"fusion-layout-column fusion_builder_column_inner fusion-builder-nested-column-0 fusion_builder_column_inner_2_3 2_3 fusion-flex-column\" style=\"--awb-padding-right:15px;--awb-padding-left:15px;--awb-bg-color:var(--awb-custom_color_3);--awb-bg-color-hover:var(--awb-custom_color_3);--awb-bg-size:cover;--awb-width-large:66.666666666667%;--awb-margin-top-large:0px;--awb-spacing-right-large:2.88%;--awb-margin-bottom-large:20px;--awb-spacing-left-large:2.88%;--awb-width-medium:66.666666666667%;--awb-order-medium:0;--awb-spacing-right-medium:2.88%;--awb-spacing-left-medium:2.88%;--awb-width-small:100%;--awb-order-small:0;--awb-spacing-right-small:1.92%;--awb-spacing-left-small:1.92%;\"><div class=\"fusion-column-wrapper fusion-column-has-shadow fusion-flex-justify-content-flex-start fusion-content-layout-column\"><div class=\"fusion-text fusion-text-1 fusion-text-no-margin\" style=\"--awb-text-transform:none;--awb-text-color:var(--awb-custom_color_4);--awb-margin-top:5px;--awb-margin-bottom:5px;\"><p>2nd Seminar on scientific reflection and analysis<\/p>\n<\/div><\/div><\/div><div class=\"fusion-layout-column fusion_builder_column_inner fusion-builder-nested-column-1 fusion_builder_column_inner_1_3 1_3 fusion-flex-column\" style=\"--awb-bg-size:cover;--awb-width-large:33.333333333333%;--awb-margin-top-large:0px;--awb-spacing-right-large:5.76%;--awb-margin-bottom-large:20px;--awb-spacing-left-large:5.76%;--awb-width-medium:33.333333333333%;--awb-order-medium:0;--awb-spacing-right-medium:5.76%;--awb-spacing-left-medium:5.76%;--awb-width-small:100%;--awb-order-small:0;--awb-spacing-right-small:1.92%;--awb-spacing-left-small:1.92%;\"><div class=\"fusion-column-wrapper fusion-column-has-shadow fusion-flex-justify-content-flex-start fusion-content-layout-column\"><\/div><\/div><\/div><div class=\"fusion-text fusion-text-2\" style=\"--awb-text-transform:none;\"><p><b>Subject:<\/b> \u201c<b>Higher Education in Transition: Bologna-Inspired Reforms and the Struggle for Institutional Autonomy in Georgia<\/b>\u201d<\/p>\n<p><b>Elene Jibladze<\/b> is an associate professor in the direction of education administration School \u03bff Business, Technology and Education, Ilia State University, Georgia.<\/p>\n<p>Elene is an education policy expert with over ten years\u2019 experience in the areas of education system reforms in transition countries (post-Soviet region). She holds professional expertise in the areas of quality assurance in higher education. Her research interests cover educational quality, university autonomy and the concept of engaged university. Prior to joining Ilia State University, Elene was a director of the Georgian National Centre for Educational Quality Enhancement (NCEQE), responsible for the external quality assurance at higher, vocational and general education levels.<\/p>\n<\/div><div ><a class=\"fusion-button button-flat fusion-button-default-size button-custom fusion-button-default button-1 fusion-button-default-span fusion-button-default-type\" style=\"--awb-padding-right:40px;--awb-padding-left:40px;--button_accent_color:var(--awb-custom_color_2);--button_accent_hover_color:var(--awb-custom_color_2);--button_border_hover_color:#004c4c;--button_border_width-top:1px;--button_border_width-right:1px;--button_border_width-bottom:1px;--button_border_width-left:1px;--button_gradient_top_color:var(--awb-color2);--button_gradient_bottom_color:var(--awb-color2);--button_gradient_top_color_hover:#ffffff;--button_gradient_bottom_color_hover:#ffffff;\" target=\"_blank\" rel=\"noopener noreferrer\" href=\"https:\/\/youtu.be\/lk0XFUTt8gw\"><i class=\"fa-video fas awb-button__icon awb-button__icon--default button-icon-left\" aria-hidden=\"true\"><\/i><span class=\"fusion-button-text awb-button__text awb-button__text--default\">Video<\/span><\/a><\/div><\/div><\/div><\/div><\/div><div class=\"fusion-fullwidth fullwidth-box fusion-builder-row-2 fusion-flex-container nonhundred-percent-fullwidth non-hundred-percent-height-scrolling\" style=\"--awb-border-radius-top-left:0px;--awb-border-radius-top-right:0px;--awb-border-radius-bottom-right:0px;--awb-border-radius-bottom-left:0px;--awb-padding-top:0px;--awb-margin-top:0px;--awb-flex-wrap:wrap;\" ><div class=\"fusion-builder-row fusion-row fusion-flex-align-items-flex-start fusion-flex-content-wrap\" style=\"max-width:1248px;margin-left: calc(-4% \/ 2 );margin-right: calc(-4% \/ 2 );\"><div class=\"fusion-layout-column fusion_builder_column fusion-builder-column-1 fusion_builder_column_1_1 1_1 fusion-flex-column first_h5_in_pages\" style=\"--awb-padding-right:20px;--awb-padding-bottom:10px;--awb-padding-left:20px;--awb-bg-image:linear-gradient(180deg, rgba(244,244,244,0) 6%,#f4f4f4 6%);--awb-bg-size:cover;--awb-width-large:100%;--awb-margin-top-large:0px;--awb-spacing-right-large:1.92%;--awb-margin-bottom-large:20px;--awb-spacing-left-large:1.92%;--awb-width-medium:100%;--awb-order-medium:0;--awb-spacing-right-medium:1.92%;--awb-spacing-left-medium:1.92%;--awb-width-small:100%;--awb-order-small:0;--awb-spacing-right-small:1.92%;--awb-spacing-left-small:1.92%;\"><div class=\"fusion-column-wrapper fusion-column-has-shadow fusion-flex-justify-content-flex-start fusion-content-layout-column\"><div class=\"fusion-builder-row fusion-builder-row-inner fusion-row fusion-flex-align-items-flex-start fusion-flex-content-wrap\" style=\"--awb-flex-grow:0;--awb-flex-grow-medium:0;--awb-flex-grow-small:0;--awb-flex-shrink:0;--awb-flex-shrink-medium:0;--awb-flex-shrink-small:0;width:104% !important;max-width:104% !important;margin-left: calc(-4% \/ 2 );margin-right: calc(-4% \/ 2 );\"><div class=\"fusion-layout-column fusion_builder_column_inner fusion-builder-nested-column-2 fusion_builder_column_inner_2_3 2_3 fusion-flex-column\" style=\"--awb-padding-right:15px;--awb-padding-left:15px;--awb-bg-color:var(--awb-custom_color_3);--awb-bg-color-hover:var(--awb-custom_color_3);--awb-bg-size:cover;--awb-width-large:66.666666666667%;--awb-margin-top-large:0px;--awb-spacing-right-large:2.88%;--awb-margin-bottom-large:20px;--awb-spacing-left-large:2.88%;--awb-width-medium:66.666666666667%;--awb-order-medium:0;--awb-spacing-right-medium:2.88%;--awb-spacing-left-medium:2.88%;--awb-width-small:100%;--awb-order-small:0;--awb-spacing-right-small:1.92%;--awb-spacing-left-small:1.92%;\"><div class=\"fusion-column-wrapper fusion-column-has-shadow fusion-flex-justify-content-flex-start fusion-content-layout-column\"><div class=\"fusion-text fusion-text-3 fusion-text-no-margin\" style=\"--awb-text-transform:none;--awb-text-color:var(--awb-custom_color_4);--awb-margin-top:5px;--awb-margin-bottom:5px;\"><p>1st Seminar on scientific reflection and analysis<\/p>\n<\/div><\/div><\/div><div class=\"fusion-layout-column fusion_builder_column_inner fusion-builder-nested-column-3 fusion_builder_column_inner_1_3 1_3 fusion-flex-column\" style=\"--awb-bg-size:cover;--awb-width-large:33.333333333333%;--awb-margin-top-large:0px;--awb-spacing-right-large:5.76%;--awb-margin-bottom-large:20px;--awb-spacing-left-large:5.76%;--awb-width-medium:33.333333333333%;--awb-order-medium:0;--awb-spacing-right-medium:5.76%;--awb-spacing-left-medium:5.76%;--awb-width-small:100%;--awb-order-small:0;--awb-spacing-right-small:1.92%;--awb-spacing-left-small:1.92%;\"><div class=\"fusion-column-wrapper fusion-column-has-shadow fusion-flex-justify-content-flex-start fusion-content-layout-column\"><\/div><\/div><\/div><div class=\"fusion-text fusion-text-4\" style=\"--awb-text-transform:none;\"><p><b>Subject<em style=\"\">: <\/em><\/b><em style=\"font-weight: bold;\">&#8220;R\u00e9sistances au concept de genre \u00e0 l&#8217;\u00e9cole fran\u00e7aise : 10 ann\u00e9es d&#8217;\u00e9clairages pour la formation des enseignant\u00b7es la plus contemporaine&#8221;.<\/em><\/p>\n<p style=\"font-weight: 400;\"><strong><em>Jeanne Chiron<\/em><\/strong><em> has<\/em> been a lecturer at the University of Rouen-Normandy since 2017. After <em>obtaining a doctorate in 18th century literature and history of education, she devoted herself to furthering her research on gender assignments in the history of schooling, and became responsible in her university for training in gender equality, which has become compulsory in France in the initial training of teachers in primary and secondary education since 2020.<\/em><\/p>\n<p><em><b>Subject:<\/b> <strong>&#8220;Erasmus KA 220 Gender Neutr All&#8221;.<\/strong><\/em><\/p>\n<p style=\"font-weight: 400;\"><strong>Elena Karachontziti<\/strong> is Assistant Professor at the INSPE of the University of Rouen Normandie. She holds a PhD in Education Sciences. Her research interests focus on citizenship education and on the European mobility impact on the global development of participants (students, teachers, adolescents).<\/p>\n<\/div><div ><a class=\"fusion-button button-flat fusion-button-default-size button-custom fusion-button-default button-2 fusion-button-default-span fusion-button-default-type\" style=\"--awb-padding-right:40px;--awb-padding-left:40px;--button_accent_color:var(--awb-custom_color_2);--button_accent_hover_color:var(--awb-custom_color_2);--button_border_hover_color:#004c4c;--button_border_width-top:1px;--button_border_width-right:1px;--button_border_width-bottom:1px;--button_border_width-left:1px;--button_gradient_top_color:var(--awb-color2);--button_gradient_bottom_color:var(--awb-color2);--button_gradient_top_color_hover:#ffffff;--button_gradient_bottom_color_hover:#ffffff;\" target=\"_blank\" rel=\"noopener noreferrer\" href=\"https:\/\/youtu.be\/S7tmypyT3XU\"><i class=\"fa-video fas awb-button__icon awb-button__icon--default button-icon-left\" aria-hidden=\"true\"><\/i><span class=\"fusion-button-text awb-button__text awb-button__text--default\">Video<\/span><\/a><\/div><\/div><\/div><\/div><\/div><\/p>\n","protected":false},"excerpt":{"rendered":"","protected":false},"author":3,"featured_media":0,"parent":0,"menu_order":0,"comment_status":"closed","ping_status":"closed","template":"","meta":{"footnotes":""},"class_list":["post-768","page","type-page","status-publish","hentry"],"yoast_head":"<!-- This site is optimized with the Yoast SEO plugin v27.6 - https:\/\/yoast.com\/product\/yoast-seo-wordpress\/ -->\n<title>Seminar on scientific reflection and analysis - Higher Education Policy Network - \u0394\u03af\u03ba\u03c4\u03c5\u03bf \u03a0\u03bf\u03bb\u03b9\u03c4\u03b9\u03ba\u03ce\u03bd \u0391\u03bd\u03ce\u03c4\u03b1\u03c4\u03b7\u03c2 \u0395\u03ba\u03c0\u03b1\u03af\u03b4\u03b5\u03c5\u03c3\u03b7\u03c2<\/title>\n<meta name=\"robots\" content=\"index, follow, max-snippet:-1, max-image-preview:large, max-video-preview:-1\" \/>\n<link rel=\"canonical\" href=\"https:\/\/hepnet.upatras.gr\/seminario-epistimonikoy-provlimatismoy-kai-analysis\/\" \/>\n<meta property=\"og:locale\" content=\"en_US\" \/>\n<meta property=\"og:type\" content=\"article\" \/>\n<meta property=\"og:title\" content=\"Seminar on scientific reflection and analysis - Higher Education Policy Network - \u0394\u03af\u03ba\u03c4\u03c5\u03bf \u03a0\u03bf\u03bb\u03b9\u03c4\u03b9\u03ba\u03ce\u03bd \u0391\u03bd\u03ce\u03c4\u03b1\u03c4\u03b7\u03c2 \u0395\u03ba\u03c0\u03b1\u03af\u03b4\u03b5\u03c5\u03c3\u03b7\u03c2\" \/>\n<meta property=\"og:url\" content=\"https:\/\/hepnet.upatras.gr\/seminario-epistimonikoy-provlimatismoy-kai-analysis\/\" \/>\n<meta property=\"og:site_name\" content=\"Higher Education Policy Network - \u0394\u03af\u03ba\u03c4\u03c5\u03bf \u03a0\u03bf\u03bb\u03b9\u03c4\u03b9\u03ba\u03ce\u03bd \u0391\u03bd\u03ce\u03c4\u03b1\u03c4\u03b7\u03c2 \u0395\u03ba\u03c0\u03b1\u03af\u03b4\u03b5\u03c5\u03c3\u03b7\u03c2\" \/>\n<meta property=\"article:modified_time\" content=\"2025-03-21T14:42:38+00:00\" \/>\n<meta name=\"twitter:card\" content=\"summary_large_image\" \/>\n<meta name=\"twitter:label1\" content=\"Est. reading time\" \/>\n\t<meta name=\"twitter:data1\" content=\"2 minutes\" \/>\n<script type=\"application\/ld+json\" class=\"yoast-schema-graph\">{\"@context\":\"https:\\\/\\\/schema.org\",\"@graph\":[{\"@type\":\"WebPage\",\"@id\":\"https:\\\/\\\/hepnet.upatras.gr\\\/seminario-epistimonikoy-provlimatismoy-kai-analysis\\\/\",\"url\":\"https:\\\/\\\/hepnet.upatras.gr\\\/seminario-epistimonikoy-provlimatismoy-kai-analysis\\\/\",\"name\":\"Seminar on scientific reflection and analysis - Higher Education Policy Network - \u0394\u03af\u03ba\u03c4\u03c5\u03bf \u03a0\u03bf\u03bb\u03b9\u03c4\u03b9\u03ba\u03ce\u03bd \u0391\u03bd\u03ce\u03c4\u03b1\u03c4\u03b7\u03c2 \u0395\u03ba\u03c0\u03b1\u03af\u03b4\u03b5\u03c5\u03c3\u03b7\u03c2\",\"isPartOf\":{\"@id\":\"https:\\\/\\\/hepnet.upatras.gr\\\/#website\"},\"datePublished\":\"2022-04-19T16:03:02+00:00\",\"dateModified\":\"2025-03-21T14:42:38+00:00\",\"breadcrumb\":{\"@id\":\"https:\\\/\\\/hepnet.upatras.gr\\\/seminario-epistimonikoy-provlimatismoy-kai-analysis\\\/#breadcrumb\"},\"inLanguage\":\"en-US\",\"potentialAction\":[{\"@type\":\"ReadAction\",\"target\":[\"https:\\\/\\\/hepnet.upatras.gr\\\/seminario-epistimonikoy-provlimatismoy-kai-analysis\\\/\"]}]},{\"@type\":\"BreadcrumbList\",\"@id\":\"https:\\\/\\\/hepnet.upatras.gr\\\/seminario-epistimonikoy-provlimatismoy-kai-analysis\\\/#breadcrumb\",\"itemListElement\":[{\"@type\":\"ListItem\",\"position\":1,\"name\":\"Home\",\"item\":\"https:\\\/\\\/hepnet.upatras.gr\\\/\"},{\"@type\":\"ListItem\",\"position\":2,\"name\":\"Seminar on scientific reflection and analysis\"}]},{\"@type\":\"WebSite\",\"@id\":\"https:\\\/\\\/hepnet.upatras.gr\\\/#website\",\"url\":\"https:\\\/\\\/hepnet.upatras.gr\\\/\",\"name\":\"Higher Education Policy Network - \u0394\u03af\u03ba\u03c4\u03c5\u03bf \u03a0\u03bf\u03bb\u03b9\u03c4\u03b9\u03ba\u03ce\u03bd \u0391\u03bd\u03ce\u03c4\u03b1\u03c4\u03b7\u03c2 \u0395\u03ba\u03c0\u03b1\u03af\u03b4\u03b5\u03c5\u03c3\u03b7\u03c2\",\"description\":\"\u0395\u03c1\u03b3\u03b1\u03c3\u03c4\u03ae\u03c1\u03b9\u03bf \u0395\u03ba\u03c0\u03b1\u03b9\u03b4\u03b5\u03c5\u03c4\u03b9\u03ba\u03ae\u03c2 \u03a0\u03bf\u03bb\u03b9\u03c4\u03b9\u03ba\u03ae\u03c2, \u039f\u03b9\u03ba\u03bf\u03bd\u03bf\u03bc\u03af\u03b1\u03c2 \u03ba\u03b1\u03b9 \u0394\u03b9\u03ac \u0392\u03af\u03bf\u03c5 \u039c\u03ac\u03b8\u03b7\u03c3\u03b7\u03c2\",\"potentialAction\":[{\"@type\":\"SearchAction\",\"target\":{\"@type\":\"EntryPoint\",\"urlTemplate\":\"https:\\\/\\\/hepnet.upatras.gr\\\/?s={search_term_string}\"},\"query-input\":{\"@type\":\"PropertyValueSpecification\",\"valueRequired\":true,\"valueName\":\"search_term_string\"}}],\"inLanguage\":\"en-US\"}]}<\/script>\n<!-- \/ Yoast SEO plugin. -->","yoast_head_json":{"title":"Seminar on scientific reflection and analysis - Higher Education Policy Network - \u0394\u03af\u03ba\u03c4\u03c5\u03bf \u03a0\u03bf\u03bb\u03b9\u03c4\u03b9\u03ba\u03ce\u03bd \u0391\u03bd\u03ce\u03c4\u03b1\u03c4\u03b7\u03c2 \u0395\u03ba\u03c0\u03b1\u03af\u03b4\u03b5\u03c5\u03c3\u03b7\u03c2","robots":{"index":"index","follow":"follow","max-snippet":"max-snippet:-1","max-image-preview":"max-image-preview:large","max-video-preview":"max-video-preview:-1"},"canonical":"https:\/\/hepnet.upatras.gr\/seminario-epistimonikoy-provlimatismoy-kai-analysis\/","og_locale":"en_US","og_type":"article","og_title":"Seminar on scientific reflection and analysis - Higher Education Policy Network - \u0394\u03af\u03ba\u03c4\u03c5\u03bf \u03a0\u03bf\u03bb\u03b9\u03c4\u03b9\u03ba\u03ce\u03bd \u0391\u03bd\u03ce\u03c4\u03b1\u03c4\u03b7\u03c2 \u0395\u03ba\u03c0\u03b1\u03af\u03b4\u03b5\u03c5\u03c3\u03b7\u03c2","og_url":"https:\/\/hepnet.upatras.gr\/seminario-epistimonikoy-provlimatismoy-kai-analysis\/","og_site_name":"Higher Education Policy Network - \u0394\u03af\u03ba\u03c4\u03c5\u03bf \u03a0\u03bf\u03bb\u03b9\u03c4\u03b9\u03ba\u03ce\u03bd \u0391\u03bd\u03ce\u03c4\u03b1\u03c4\u03b7\u03c2 \u0395\u03ba\u03c0\u03b1\u03af\u03b4\u03b5\u03c5\u03c3\u03b7\u03c2","article_modified_time":"2025-03-21T14:42:38+00:00","twitter_card":"summary_large_image","twitter_misc":{"Est. reading time":"2 minutes"},"schema":{"@context":"https:\/\/schema.org","@graph":[{"@type":"WebPage","@id":"https:\/\/hepnet.upatras.gr\/seminario-epistimonikoy-provlimatismoy-kai-analysis\/","url":"https:\/\/hepnet.upatras.gr\/seminario-epistimonikoy-provlimatismoy-kai-analysis\/","name":"Seminar on scientific reflection and analysis - Higher Education Policy Network - \u0394\u03af\u03ba\u03c4\u03c5\u03bf \u03a0\u03bf\u03bb\u03b9\u03c4\u03b9\u03ba\u03ce\u03bd \u0391\u03bd\u03ce\u03c4\u03b1\u03c4\u03b7\u03c2 \u0395\u03ba\u03c0\u03b1\u03af\u03b4\u03b5\u03c5\u03c3\u03b7\u03c2","isPartOf":{"@id":"https:\/\/hepnet.upatras.gr\/#website"},"datePublished":"2022-04-19T16:03:02+00:00","dateModified":"2025-03-21T14:42:38+00:00","breadcrumb":{"@id":"https:\/\/hepnet.upatras.gr\/seminario-epistimonikoy-provlimatismoy-kai-analysis\/#breadcrumb"},"inLanguage":"en-US","potentialAction":[{"@type":"ReadAction","target":["https:\/\/hepnet.upatras.gr\/seminario-epistimonikoy-provlimatismoy-kai-analysis\/"]}]},{"@type":"BreadcrumbList","@id":"https:\/\/hepnet.upatras.gr\/seminario-epistimonikoy-provlimatismoy-kai-analysis\/#breadcrumb","itemListElement":[{"@type":"ListItem","position":1,"name":"Home","item":"https:\/\/hepnet.upatras.gr\/"},{"@type":"ListItem","position":2,"name":"Seminar on scientific reflection and analysis"}]},{"@type":"WebSite","@id":"https:\/\/hepnet.upatras.gr\/#website","url":"https:\/\/hepnet.upatras.gr\/","name":"Higher Education Policy Network - \u0394\u03af\u03ba\u03c4\u03c5\u03bf \u03a0\u03bf\u03bb\u03b9\u03c4\u03b9\u03ba\u03ce\u03bd \u0391\u03bd\u03ce\u03c4\u03b1\u03c4\u03b7\u03c2 \u0395\u03ba\u03c0\u03b1\u03af\u03b4\u03b5\u03c5\u03c3\u03b7\u03c2","description":"\u0395\u03c1\u03b3\u03b1\u03c3\u03c4\u03ae\u03c1\u03b9\u03bf \u0395\u03ba\u03c0\u03b1\u03b9\u03b4\u03b5\u03c5\u03c4\u03b9\u03ba\u03ae\u03c2 \u03a0\u03bf\u03bb\u03b9\u03c4\u03b9\u03ba\u03ae\u03c2, \u039f\u03b9\u03ba\u03bf\u03bd\u03bf\u03bc\u03af\u03b1\u03c2 \u03ba\u03b1\u03b9 \u0394\u03b9\u03ac \u0392\u03af\u03bf\u03c5 \u039c\u03ac\u03b8\u03b7\u03c3\u03b7\u03c2","potentialAction":[{"@type":"SearchAction","target":{"@type":"EntryPoint","urlTemplate":"https:\/\/hepnet.upatras.gr\/?s={search_term_string}"},"query-input":{"@type":"PropertyValueSpecification","valueRequired":true,"valueName":"search_term_string"}}],"inLanguage":"en-US"}]}},"_links":{"self":[{"href":"https:\/\/hepnet.upatras.gr\/en\/wp-json\/wp\/v2\/pages\/768","targetHints":{"allow":["GET"]}}],"collection":[{"href":"https:\/\/hepnet.upatras.gr\/en\/wp-json\/wp\/v2\/pages"}],"about":[{"href":"https:\/\/hepnet.upatras.gr\/en\/wp-json\/wp\/v2\/types\/page"}],"author":[{"embeddable":true,"href":"https:\/\/hepnet.upatras.gr\/en\/wp-json\/wp\/v2\/users\/3"}],"replies":[{"embeddable":true,"href":"https:\/\/hepnet.upatras.gr\/en\/wp-json\/wp\/v2\/comments?post=768"}],"version-history":[{"count":6,"href":"https:\/\/hepnet.upatras.gr\/en\/wp-json\/wp\/v2\/pages\/768\/revisions"}],"predecessor-version":[{"id":1259,"href":"https:\/\/hepnet.upatras.gr\/en\/wp-json\/wp\/v2\/pages\/768\/revisions\/1259"}],"wp:attachment":[{"href":"https:\/\/hepnet.upatras.gr\/en\/wp-json\/wp\/v2\/media?parent=768"}],"curies":[{"name":"wp","href":"https:\/\/api.w.org\/{rel}","templated":true}]}}